{"id":4010,"date":"2026-02-02T23:14:40","date_gmt":"2026-02-02T20:14:40","guid":{"rendered":"https:\/\/izisafety.com\/izi-workers\/"},"modified":"2026-03-10T11:46:27","modified_gmt":"2026-03-10T08:46:27","slug":"izi-workers","status":"publish","type":"page","link":"https:\/\/izisafety.com\/fr\/izi-workers\/","title":{"rendered":"IZI Workers"},"content":{"rendered":"","protected":false},"excerpt":{"rendered":"","protected":false},"author":1,"featured_media":0,"parent":0,"menu_order":0,"comment_status":"closed","ping_status":"closed","template":"","meta":{"saved_in_kubio":false,"inline_featured_image":false,"footnotes":""},"class_list":["post-4010","page","type-page","status-publish","hentry"],"kubio_ai_page_context":{"short_desc":"","purpose":"general"},"yoast_head":"<!-- This site is optimized with the Yoast SEO plugin v27.4 - https:\/\/yoast.com\/product\/yoast-seo-wordpress\/ -->\n<title>IZI Workers by IZI Safety - Worker Compliance Management<\/title>\n<meta name=\"description\" content=\"Automatisez le suivi de la conformit\u00e9 des travailleurs - formations, certifications et exigences par r\u00f4le, pour \u00e9viter les interruptions et garantir un environnement plus s\u00fbr.\" \/>\n<meta name=\"robots\" content=\"index, follow, max-snippet:-1, max-image-preview:large, max-video-preview:-1\" \/>\n<link rel=\"canonical\" href=\"https:\/\/izisafety.com\/fr\/izi-workers\/\" \/>\n<meta property=\"og:locale\" content=\"fr_FR\" \/>\n<meta property=\"og:type\" content=\"article\" \/>\n<meta property=\"og:title\" content=\"IZI Workers by IZI Safety - Worker Compliance Management\" \/>\n<meta property=\"og:description\" content=\"Automatisez le suivi de la conformit\u00e9 des travailleurs - formations, certifications et exigences par r\u00f4le, pour \u00e9viter les interruptions et garantir un environnement plus s\u00fbr.\" \/>\n<meta property=\"og:url\" content=\"https:\/\/izisafety.com\/fr\/izi-workers\/\" \/>\n<meta property=\"og:site_name\" content=\"IZI Safety\" \/>\n<meta property=\"article:modified_time\" content=\"2026-03-10T08:46:27+00:00\" \/>\n<meta property=\"og:image\" content=\"https:\/\/v3.izisafety.com\/wp-content\/uploads\/2026\/02\/izi-safety-wp-preview-1024x538.jpg\" \/>\n<meta name=\"twitter:card\" content=\"summary_large_image\" \/>\n<meta name=\"twitter:label1\" content=\"Dur\u00e9e de lecture estim\u00e9e\" \/>\n\t<meta name=\"twitter:data1\" content=\"2 minutes\" \/>\n<script type=\"application\/ld+json\" class=\"yoast-schema-graph\">{\"@context\":\"https:\\\/\\\/schema.org\",\"@graph\":[{\"@type\":\"WebPage\",\"@id\":\"https:\\\/\\\/izisafety.com\\\/fr\\\/izi-workers\\\/\",\"url\":\"https:\\\/\\\/izisafety.com\\\/fr\\\/izi-workers\\\/\",\"name\":\"IZI Workers by IZI Safety - Worker Compliance Management\",\"isPartOf\":{\"@id\":\"https:\\\/\\\/izisafety.com\\\/fr\\\/#website\"},\"datePublished\":\"2026-02-02T20:14:40+00:00\",\"dateModified\":\"2026-03-10T08:46:27+00:00\",\"description\":\"Automatisez le suivi de la conformit\u00e9 des travailleurs - formations, certifications et exigences par r\u00f4le, pour \u00e9viter les interruptions et garantir un environnement plus s\u00fbr.\",\"breadcrumb\":{\"@id\":\"https:\\\/\\\/izisafety.com\\\/fr\\\/izi-workers\\\/#breadcrumb\"},\"inLanguage\":\"fr-FR\",\"potentialAction\":[{\"@type\":\"ReadAction\",\"target\":[\"https:\\\/\\\/izisafety.com\\\/fr\\\/izi-workers\\\/\"]}]},{\"@type\":\"BreadcrumbList\",\"@id\":\"https:\\\/\\\/izisafety.com\\\/fr\\\/izi-workers\\\/#breadcrumb\",\"itemListElement\":[{\"@type\":\"ListItem\",\"position\":1,\"name\":\"Home\",\"item\":\"https:\\\/\\\/izisafety.com\\\/fr\\\/\"},{\"@type\":\"ListItem\",\"position\":2,\"name\":\"IZI Workers\"}]},{\"@type\":\"WebSite\",\"@id\":\"https:\\\/\\\/izisafety.com\\\/fr\\\/#website\",\"url\":\"https:\\\/\\\/izisafety.com\\\/fr\\\/\",\"name\":\"IZI Safety\",\"description\":\"\",\"publisher\":{\"@id\":\"https:\\\/\\\/izisafety.com\\\/fr\\\/#organization\"},\"potentialAction\":[{\"@type\":\"SearchAction\",\"target\":{\"@type\":\"EntryPoint\",\"urlTemplate\":\"https:\\\/\\\/izisafety.com\\\/fr\\\/?s={search_term_string}\"},\"query-input\":{\"@type\":\"PropertyValueSpecification\",\"valueRequired\":true,\"valueName\":\"search_term_string\"}}],\"inLanguage\":\"fr-FR\"},{\"@type\":\"Organization\",\"@id\":\"https:\\\/\\\/izisafety.com\\\/fr\\\/#organization\",\"name\":\"IZI Safety\",\"url\":\"https:\\\/\\\/izisafety.com\\\/fr\\\/\",\"logo\":{\"@type\":\"ImageObject\",\"inLanguage\":\"fr-FR\",\"@id\":\"https:\\\/\\\/izisafety.com\\\/fr\\\/#\\\/schema\\\/logo\\\/image\\\/\",\"url\":\"https:\\\/\\\/izisafety.com\\\/wp-content\\\/uploads\\\/2026\\\/01\\\/logo_izi.svg\",\"contentUrl\":\"https:\\\/\\\/izisafety.com\\\/wp-content\\\/uploads\\\/2026\\\/01\\\/logo_izi.svg\",\"width\":200,\"height\":45,\"caption\":\"IZI Safety\"},\"image\":{\"@id\":\"https:\\\/\\\/izisafety.com\\\/fr\\\/#\\\/schema\\\/logo\\\/image\\\/\"}}]}<\/script>\n<!-- \/ Yoast SEO plugin. -->","yoast_head_json":{"title":"IZI Workers by IZI Safety - Worker Compliance Management","description":"Automatisez le suivi de la conformit\u00e9 des travailleurs - formations, certifications et exigences par r\u00f4le, pour \u00e9viter les interruptions et garantir un environnement plus s\u00fbr.","robots":{"index":"index","follow":"follow","max-snippet":"max-snippet:-1","max-image-preview":"max-image-preview:large","max-video-preview":"max-video-preview:-1"},"canonical":"https:\/\/izisafety.com\/fr\/izi-workers\/","og_locale":"fr_FR","og_type":"article","og_title":"IZI Workers by IZI Safety - Worker Compliance Management","og_description":"Automatisez le suivi de la conformit\u00e9 des travailleurs - formations, certifications et exigences par r\u00f4le, pour \u00e9viter les interruptions et garantir un environnement plus s\u00fbr.","og_url":"https:\/\/izisafety.com\/fr\/izi-workers\/","og_site_name":"IZI Safety","article_modified_time":"2026-03-10T08:46:27+00:00","og_image":[{"url":"https:\/\/v3.izisafety.com\/wp-content\/uploads\/2026\/02\/izi-safety-wp-preview-1024x538.jpg","type":"","width":"","height":""}],"twitter_card":"summary_large_image","twitter_misc":{"Dur\u00e9e de lecture estim\u00e9e":"2 minutes"},"schema":{"@context":"https:\/\/schema.org","@graph":[{"@type":"WebPage","@id":"https:\/\/izisafety.com\/fr\/izi-workers\/","url":"https:\/\/izisafety.com\/fr\/izi-workers\/","name":"IZI Workers by IZI Safety - Worker Compliance Management","isPartOf":{"@id":"https:\/\/izisafety.com\/fr\/#website"},"datePublished":"2026-02-02T20:14:40+00:00","dateModified":"2026-03-10T08:46:27+00:00","description":"Automatisez le suivi de la conformit\u00e9 des travailleurs - formations, certifications et exigences par r\u00f4le, pour \u00e9viter les interruptions et garantir un environnement plus s\u00fbr.","breadcrumb":{"@id":"https:\/\/izisafety.com\/fr\/izi-workers\/#breadcrumb"},"inLanguage":"fr-FR","potentialAction":[{"@type":"ReadAction","target":["https:\/\/izisafety.com\/fr\/izi-workers\/"]}]},{"@type":"BreadcrumbList","@id":"https:\/\/izisafety.com\/fr\/izi-workers\/#breadcrumb","itemListElement":[{"@type":"ListItem","position":1,"name":"Home","item":"https:\/\/izisafety.com\/fr\/"},{"@type":"ListItem","position":2,"name":"IZI Workers"}]},{"@type":"WebSite","@id":"https:\/\/izisafety.com\/fr\/#website","url":"https:\/\/izisafety.com\/fr\/","name":"IZI Safety","description":"","publisher":{"@id":"https:\/\/izisafety.com\/fr\/#organization"},"potentialAction":[{"@type":"SearchAction","target":{"@type":"EntryPoint","urlTemplate":"https:\/\/izisafety.com\/fr\/?s={search_term_string}"},"query-input":{"@type":"PropertyValueSpecification","valueRequired":true,"valueName":"search_term_string"}}],"inLanguage":"fr-FR"},{"@type":"Organization","@id":"https:\/\/izisafety.com\/fr\/#organization","name":"IZI Safety","url":"https:\/\/izisafety.com\/fr\/","logo":{"@type":"ImageObject","inLanguage":"fr-FR","@id":"https:\/\/izisafety.com\/fr\/#\/schema\/logo\/image\/","url":"https:\/\/izisafety.com\/wp-content\/uploads\/2026\/01\/logo_izi.svg","contentUrl":"https:\/\/izisafety.com\/wp-content\/uploads\/2026\/01\/logo_izi.svg","width":200,"height":45,"caption":"IZI Safety"},"image":{"@id":"https:\/\/izisafety.com\/fr\/#\/schema\/logo\/image\/"}}]}},"_links":{"self":[{"href":"https:\/\/izisafety.com\/fr\/wp-json\/wp\/v2\/pages\/4010","targetHints":{"allow":["GET"]}}],"collection":[{"href":"https:\/\/izisafety.com\/fr\/wp-json\/wp\/v2\/pages"}],"about":[{"href":"https:\/\/izisafety.com\/fr\/wp-json\/wp\/v2\/types\/page"}],"author":[{"embeddable":true,"href":"https:\/\/izisafety.com\/fr\/wp-json\/wp\/v2\/users\/1"}],"replies":[{"embeddable":true,"href":"https:\/\/izisafety.com\/fr\/wp-json\/wp\/v2\/comments?post=4010"}],"version-history":[{"count":5,"href":"https:\/\/izisafety.com\/fr\/wp-json\/wp\/v2\/pages\/4010\/revisions"}],"predecessor-version":[{"id":4017,"href":"https:\/\/izisafety.com\/fr\/wp-json\/wp\/v2\/pages\/4010\/revisions\/4017"}],"wp:attachment":[{"href":"https:\/\/izisafety.com\/fr\/wp-json\/wp\/v2\/media?parent=4010"}],"curies":[{"name":"wp","href":"https:\/\/api.w.org\/{rel}","templated":true}]}}