{"id":4019,"date":"2026-02-02T23:14:16","date_gmt":"2026-02-02T20:14:16","guid":{"rendered":"https:\/\/izisafety.com\/izi-forms\/"},"modified":"2026-03-10T11:54:57","modified_gmt":"2026-03-10T08:54:57","slug":"izi-forms","status":"publish","type":"page","link":"https:\/\/izisafety.com\/fr\/izi-forms\/","title":{"rendered":"IZI Forms"},"content":{"rendered":"","protected":false},"excerpt":{"rendered":"","protected":false},"author":1,"featured_media":0,"parent":0,"menu_order":0,"comment_status":"closed","ping_status":"closed","template":"","meta":{"saved_in_kubio":false,"inline_featured_image":false,"footnotes":""},"class_list":["post-4019","page","type-page","status-publish","hentry"],"kubio_ai_page_context":{"short_desc":"","purpose":"general"},"yoast_head":"<!-- This site is optimized with the Yoast SEO plugin v27.4 - https:\/\/yoast.com\/product\/yoast-seo-wordpress\/ -->\n<title>IZI Forms by IZI Safety - Digital Audit &amp; Inspection Forms<\/title>\n<meta name=\"description\" content=\"Simplifiez vos contr\u00f4les s\u00e9curit\u00e9 avec des formulaires configurables, accessibles partout - m\u00eame hors ligne, pour une coh\u00e9rence sur tous vos sites\" \/>\n<meta name=\"robots\" content=\"index, follow, max-snippet:-1, max-image-preview:large, max-video-preview:-1\" \/>\n<link rel=\"canonical\" href=\"https:\/\/izisafety.com\/fr\/izi-forms\/\" \/>\n<meta property=\"og:locale\" content=\"fr_FR\" \/>\n<meta property=\"og:type\" content=\"article\" \/>\n<meta property=\"og:title\" content=\"IZI Forms by IZI Safety - Formulaires d\u2019audits num\u00e9riques\" \/>\n<meta property=\"og:description\" content=\"Simplifiez vos contr\u00f4les s\u00e9curit\u00e9 avec des formulaires configurables, accessibles partout - m\u00eame hors ligne, pour une coh\u00e9rence sur tous vos sites\" \/>\n<meta property=\"og:url\" content=\"https:\/\/izisafety.com\/fr\/izi-forms\/\" \/>\n<meta property=\"og:site_name\" content=\"IZI Safety\" \/>\n<meta property=\"article:modified_time\" content=\"2026-03-10T08:54:57+00:00\" \/>\n<meta property=\"og:image\" content=\"https:\/\/v3.izisafety.com\/wp-content\/uploads\/2026\/02\/izi-safety-wp-preview-1024x538.jpg\" \/>\n<meta name=\"twitter:card\" content=\"summary_large_image\" \/>\n<meta name=\"twitter:label1\" content=\"Dur\u00e9e de lecture estim\u00e9e\" \/>\n\t<meta name=\"twitter:data1\" content=\"2 minutes\" \/>\n<script type=\"application\/ld+json\" class=\"yoast-schema-graph\">{\"@context\":\"https:\\\/\\\/schema.org\",\"@graph\":[{\"@type\":\"WebPage\",\"@id\":\"https:\\\/\\\/izisafety.com\\\/fr\\\/izi-forms\\\/\",\"url\":\"https:\\\/\\\/izisafety.com\\\/fr\\\/izi-forms\\\/\",\"name\":\"IZI Forms by IZI Safety - Digital Audit & Inspection Forms\",\"isPartOf\":{\"@id\":\"https:\\\/\\\/izisafety.com\\\/fr\\\/#website\"},\"datePublished\":\"2026-02-02T20:14:16+00:00\",\"dateModified\":\"2026-03-10T08:54:57+00:00\",\"description\":\"Simplifiez vos contr\u00f4les s\u00e9curit\u00e9 avec des formulaires configurables, accessibles partout - m\u00eame hors ligne, pour une coh\u00e9rence sur tous vos sites\",\"breadcrumb\":{\"@id\":\"https:\\\/\\\/izisafety.com\\\/fr\\\/izi-forms\\\/#breadcrumb\"},\"inLanguage\":\"fr-FR\",\"potentialAction\":[{\"@type\":\"ReadAction\",\"target\":[\"https:\\\/\\\/izisafety.com\\\/fr\\\/izi-forms\\\/\"]}]},{\"@type\":\"BreadcrumbList\",\"@id\":\"https:\\\/\\\/izisafety.com\\\/fr\\\/izi-forms\\\/#breadcrumb\",\"itemListElement\":[{\"@type\":\"ListItem\",\"position\":1,\"name\":\"Home\",\"item\":\"https:\\\/\\\/izisafety.com\\\/fr\\\/\"},{\"@type\":\"ListItem\",\"position\":2,\"name\":\"IZI Forms\"}]},{\"@type\":\"WebSite\",\"@id\":\"https:\\\/\\\/izisafety.com\\\/fr\\\/#website\",\"url\":\"https:\\\/\\\/izisafety.com\\\/fr\\\/\",\"name\":\"IZI Safety\",\"description\":\"\",\"publisher\":{\"@id\":\"https:\\\/\\\/izisafety.com\\\/fr\\\/#organization\"},\"potentialAction\":[{\"@type\":\"SearchAction\",\"target\":{\"@type\":\"EntryPoint\",\"urlTemplate\":\"https:\\\/\\\/izisafety.com\\\/fr\\\/?s={search_term_string}\"},\"query-input\":{\"@type\":\"PropertyValueSpecification\",\"valueRequired\":true,\"valueName\":\"search_term_string\"}}],\"inLanguage\":\"fr-FR\"},{\"@type\":\"Organization\",\"@id\":\"https:\\\/\\\/izisafety.com\\\/fr\\\/#organization\",\"name\":\"IZI Safety\",\"url\":\"https:\\\/\\\/izisafety.com\\\/fr\\\/\",\"logo\":{\"@type\":\"ImageObject\",\"inLanguage\":\"fr-FR\",\"@id\":\"https:\\\/\\\/izisafety.com\\\/fr\\\/#\\\/schema\\\/logo\\\/image\\\/\",\"url\":\"https:\\\/\\\/izisafety.com\\\/wp-content\\\/uploads\\\/2026\\\/01\\\/logo_izi.svg\",\"contentUrl\":\"https:\\\/\\\/izisafety.com\\\/wp-content\\\/uploads\\\/2026\\\/01\\\/logo_izi.svg\",\"width\":200,\"height\":45,\"caption\":\"IZI Safety\"},\"image\":{\"@id\":\"https:\\\/\\\/izisafety.com\\\/fr\\\/#\\\/schema\\\/logo\\\/image\\\/\"}}]}<\/script>\n<!-- \/ Yoast SEO plugin. -->","yoast_head_json":{"title":"IZI Forms by IZI Safety - Digital Audit & Inspection Forms","description":"Simplifiez vos contr\u00f4les s\u00e9curit\u00e9 avec des formulaires configurables, accessibles partout - m\u00eame hors ligne, pour une coh\u00e9rence sur tous vos sites","robots":{"index":"index","follow":"follow","max-snippet":"max-snippet:-1","max-image-preview":"max-image-preview:large","max-video-preview":"max-video-preview:-1"},"canonical":"https:\/\/izisafety.com\/fr\/izi-forms\/","og_locale":"fr_FR","og_type":"article","og_title":"IZI Forms by IZI Safety - Formulaires d\u2019audits num\u00e9riques","og_description":"Simplifiez vos contr\u00f4les s\u00e9curit\u00e9 avec des formulaires configurables, accessibles partout - m\u00eame hors ligne, pour une coh\u00e9rence sur tous vos sites","og_url":"https:\/\/izisafety.com\/fr\/izi-forms\/","og_site_name":"IZI Safety","article_modified_time":"2026-03-10T08:54:57+00:00","og_image":[{"url":"https:\/\/v3.izisafety.com\/wp-content\/uploads\/2026\/02\/izi-safety-wp-preview-1024x538.jpg","type":"","width":"","height":""}],"twitter_card":"summary_large_image","twitter_misc":{"Dur\u00e9e de lecture estim\u00e9e":"2 minutes"},"schema":{"@context":"https:\/\/schema.org","@graph":[{"@type":"WebPage","@id":"https:\/\/izisafety.com\/fr\/izi-forms\/","url":"https:\/\/izisafety.com\/fr\/izi-forms\/","name":"IZI Forms by IZI Safety - Digital Audit & Inspection Forms","isPartOf":{"@id":"https:\/\/izisafety.com\/fr\/#website"},"datePublished":"2026-02-02T20:14:16+00:00","dateModified":"2026-03-10T08:54:57+00:00","description":"Simplifiez vos contr\u00f4les s\u00e9curit\u00e9 avec des formulaires configurables, accessibles partout - m\u00eame hors ligne, pour une coh\u00e9rence sur tous vos sites","breadcrumb":{"@id":"https:\/\/izisafety.com\/fr\/izi-forms\/#breadcrumb"},"inLanguage":"fr-FR","potentialAction":[{"@type":"ReadAction","target":["https:\/\/izisafety.com\/fr\/izi-forms\/"]}]},{"@type":"BreadcrumbList","@id":"https:\/\/izisafety.com\/fr\/izi-forms\/#breadcrumb","itemListElement":[{"@type":"ListItem","position":1,"name":"Home","item":"https:\/\/izisafety.com\/fr\/"},{"@type":"ListItem","position":2,"name":"IZI Forms"}]},{"@type":"WebSite","@id":"https:\/\/izisafety.com\/fr\/#website","url":"https:\/\/izisafety.com\/fr\/","name":"IZI Safety","description":"","publisher":{"@id":"https:\/\/izisafety.com\/fr\/#organization"},"potentialAction":[{"@type":"SearchAction","target":{"@type":"EntryPoint","urlTemplate":"https:\/\/izisafety.com\/fr\/?s={search_term_string}"},"query-input":{"@type":"PropertyValueSpecification","valueRequired":true,"valueName":"search_term_string"}}],"inLanguage":"fr-FR"},{"@type":"Organization","@id":"https:\/\/izisafety.com\/fr\/#organization","name":"IZI Safety","url":"https:\/\/izisafety.com\/fr\/","logo":{"@type":"ImageObject","inLanguage":"fr-FR","@id":"https:\/\/izisafety.com\/fr\/#\/schema\/logo\/image\/","url":"https:\/\/izisafety.com\/wp-content\/uploads\/2026\/01\/logo_izi.svg","contentUrl":"https:\/\/izisafety.com\/wp-content\/uploads\/2026\/01\/logo_izi.svg","width":200,"height":45,"caption":"IZI Safety"},"image":{"@id":"https:\/\/izisafety.com\/fr\/#\/schema\/logo\/image\/"}}]}},"_links":{"self":[{"href":"https:\/\/izisafety.com\/fr\/wp-json\/wp\/v2\/pages\/4019","targetHints":{"allow":["GET"]}}],"collection":[{"href":"https:\/\/izisafety.com\/fr\/wp-json\/wp\/v2\/pages"}],"about":[{"href":"https:\/\/izisafety.com\/fr\/wp-json\/wp\/v2\/types\/page"}],"author":[{"embeddable":true,"href":"https:\/\/izisafety.com\/fr\/wp-json\/wp\/v2\/users\/1"}],"replies":[{"embeddable":true,"href":"https:\/\/izisafety.com\/fr\/wp-json\/wp\/v2\/comments?post=4019"}],"version-history":[{"count":2,"href":"https:\/\/izisafety.com\/fr\/wp-json\/wp\/v2\/pages\/4019\/revisions"}],"predecessor-version":[{"id":4023,"href":"https:\/\/izisafety.com\/fr\/wp-json\/wp\/v2\/pages\/4019\/revisions\/4023"}],"wp:attachment":[{"href":"https:\/\/izisafety.com\/fr\/wp-json\/wp\/v2\/media?parent=4019"}],"curies":[{"name":"wp","href":"https:\/\/api.w.org\/{rel}","templated":true}]}}