{"id":4126,"date":"2026-02-02T20:49:43","date_gmt":"2026-02-02T17:49:43","guid":{"rendered":"https:\/\/izisafety.com\/gestion-de-la-conformite-du-personnel\/"},"modified":"2026-03-16T19:55:12","modified_gmt":"2026-03-16T16:55:12","slug":"gestion-de-la-conformite-du-personnel","status":"publish","type":"page","link":"https:\/\/izisafety.com\/fr\/gestion-de-la-conformite-du-personnel\/","title":{"rendered":"Gestion de la conformit\u00e9 du personnel"},"content":{"rendered":"","protected":false},"excerpt":{"rendered":"","protected":false},"author":1,"featured_media":0,"parent":0,"menu_order":0,"comment_status":"closed","ping_status":"closed","template":"","meta":{"saved_in_kubio":false,"inline_featured_image":false,"footnotes":""},"class_list":["post-4126","page","type-page","status-publish","hentry"],"kubio_ai_page_context":{"short_desc":"","purpose":"general"},"yoast_head":"<!-- This site is optimized with the Yoast SEO plugin v27.4 - https:\/\/yoast.com\/product\/yoast-seo-wordpress\/ -->\n<title>Gestion de la conformit\u00e9 du personnel - IZI Safety<\/title>\n<meta name=\"description\" content=\"Automatisez la conformit\u00e9 des sous-traitants et des travailleurs gr\u00e2ce au suivi en temps r\u00e9el, au contr\u00f4le d\u2019acc\u00e8s et \u00e0 la v\u00e9rification des formations.\" \/>\n<meta name=\"robots\" content=\"index, follow, max-snippet:-1, max-image-preview:large, max-video-preview:-1\" \/>\n<link rel=\"canonical\" href=\"https:\/\/izisafety.com\/fr\/gestion-de-la-conformite-du-personnel\/\" \/>\n<meta property=\"og:locale\" content=\"fr_FR\" \/>\n<meta property=\"og:type\" content=\"article\" \/>\n<meta property=\"og:title\" content=\"IZI Safety - Gestion de la conformit\u00e9 du personnel\" \/>\n<meta property=\"og:description\" content=\"Automatisez la conformit\u00e9 des sous-traitants et des travailleurs gr\u00e2ce au suivi en temps r\u00e9el, au contr\u00f4le d\u2019acc\u00e8s et \u00e0 la v\u00e9rification des formations.\" \/>\n<meta property=\"og:url\" content=\"https:\/\/izisafety.com\/fr\/gestion-de-la-conformite-du-personnel\/\" \/>\n<meta property=\"og:site_name\" content=\"IZI Safety\" \/>\n<meta property=\"article:modified_time\" content=\"2026-03-16T16:55:12+00:00\" \/>\n<meta property=\"og:image\" content=\"https:\/\/v3.izisafety.com\/wp-content\/uploads\/2026\/02\/izi-safety-wp-preview-1024x538.jpg\" \/>\n<meta name=\"twitter:card\" content=\"summary_large_image\" \/>\n<meta name=\"twitter:label1\" content=\"Dur\u00e9e de lecture estim\u00e9e\" \/>\n\t<meta name=\"twitter:data1\" content=\"5 minutes\" \/>\n<script type=\"application\/ld+json\" class=\"yoast-schema-graph\">{\"@context\":\"https:\\\/\\\/schema.org\",\"@graph\":[{\"@type\":\"WebPage\",\"@id\":\"https:\\\/\\\/izisafety.com\\\/fr\\\/gestion-de-la-conformite-du-personnel\\\/\",\"url\":\"https:\\\/\\\/izisafety.com\\\/fr\\\/gestion-de-la-conformite-du-personnel\\\/\",\"name\":\"Gestion de la conformit\u00e9 du personnel - IZI Safety\",\"isPartOf\":{\"@id\":\"https:\\\/\\\/izisafety.com\\\/fr\\\/#website\"},\"datePublished\":\"2026-02-02T17:49:43+00:00\",\"dateModified\":\"2026-03-16T16:55:12+00:00\",\"description\":\"Automatisez la conformit\u00e9 des sous-traitants et des travailleurs gr\u00e2ce au suivi en temps r\u00e9el, au contr\u00f4le d\u2019acc\u00e8s et \u00e0 la v\u00e9rification des formations.\",\"breadcrumb\":{\"@id\":\"https:\\\/\\\/izisafety.com\\\/fr\\\/gestion-de-la-conformite-du-personnel\\\/#breadcrumb\"},\"inLanguage\":\"fr-FR\",\"potentialAction\":[{\"@type\":\"ReadAction\",\"target\":[\"https:\\\/\\\/izisafety.com\\\/fr\\\/gestion-de-la-conformite-du-personnel\\\/\"]}]},{\"@type\":\"BreadcrumbList\",\"@id\":\"https:\\\/\\\/izisafety.com\\\/fr\\\/gestion-de-la-conformite-du-personnel\\\/#breadcrumb\",\"itemListElement\":[{\"@type\":\"ListItem\",\"position\":1,\"name\":\"Home\",\"item\":\"https:\\\/\\\/izisafety.com\\\/fr\\\/\"},{\"@type\":\"ListItem\",\"position\":2,\"name\":\"Gestion de la conformit\u00e9 du personnel\"}]},{\"@type\":\"WebSite\",\"@id\":\"https:\\\/\\\/izisafety.com\\\/fr\\\/#website\",\"url\":\"https:\\\/\\\/izisafety.com\\\/fr\\\/\",\"name\":\"IZI Safety\",\"description\":\"\",\"publisher\":{\"@id\":\"https:\\\/\\\/izisafety.com\\\/fr\\\/#organization\"},\"potentialAction\":[{\"@type\":\"SearchAction\",\"target\":{\"@type\":\"EntryPoint\",\"urlTemplate\":\"https:\\\/\\\/izisafety.com\\\/fr\\\/?s={search_term_string}\"},\"query-input\":{\"@type\":\"PropertyValueSpecification\",\"valueRequired\":true,\"valueName\":\"search_term_string\"}}],\"inLanguage\":\"fr-FR\"},{\"@type\":\"Organization\",\"@id\":\"https:\\\/\\\/izisafety.com\\\/fr\\\/#organization\",\"name\":\"IZI Safety\",\"url\":\"https:\\\/\\\/izisafety.com\\\/fr\\\/\",\"logo\":{\"@type\":\"ImageObject\",\"inLanguage\":\"fr-FR\",\"@id\":\"https:\\\/\\\/izisafety.com\\\/fr\\\/#\\\/schema\\\/logo\\\/image\\\/\",\"url\":\"https:\\\/\\\/izisafety.com\\\/wp-content\\\/uploads\\\/2026\\\/01\\\/logo_izi.svg\",\"contentUrl\":\"https:\\\/\\\/izisafety.com\\\/wp-content\\\/uploads\\\/2026\\\/01\\\/logo_izi.svg\",\"width\":200,\"height\":45,\"caption\":\"IZI Safety\"},\"image\":{\"@id\":\"https:\\\/\\\/izisafety.com\\\/fr\\\/#\\\/schema\\\/logo\\\/image\\\/\"}}]}<\/script>\n<!-- \/ Yoast SEO plugin. -->","yoast_head_json":{"title":"Gestion de la conformit\u00e9 du personnel - IZI Safety","description":"Automatisez la conformit\u00e9 des sous-traitants et des travailleurs gr\u00e2ce au suivi en temps r\u00e9el, au contr\u00f4le d\u2019acc\u00e8s et \u00e0 la v\u00e9rification des formations.","robots":{"index":"index","follow":"follow","max-snippet":"max-snippet:-1","max-image-preview":"max-image-preview:large","max-video-preview":"max-video-preview:-1"},"canonical":"https:\/\/izisafety.com\/fr\/gestion-de-la-conformite-du-personnel\/","og_locale":"fr_FR","og_type":"article","og_title":"IZI Safety - Gestion de la conformit\u00e9 du personnel","og_description":"Automatisez la conformit\u00e9 des sous-traitants et des travailleurs gr\u00e2ce au suivi en temps r\u00e9el, au contr\u00f4le d\u2019acc\u00e8s et \u00e0 la v\u00e9rification des formations.","og_url":"https:\/\/izisafety.com\/fr\/gestion-de-la-conformite-du-personnel\/","og_site_name":"IZI Safety","article_modified_time":"2026-03-16T16:55:12+00:00","og_image":[{"url":"https:\/\/v3.izisafety.com\/wp-content\/uploads\/2026\/02\/izi-safety-wp-preview-1024x538.jpg","type":"","width":"","height":""}],"twitter_card":"summary_large_image","twitter_misc":{"Dur\u00e9e de lecture estim\u00e9e":"5 minutes"},"schema":{"@context":"https:\/\/schema.org","@graph":[{"@type":"WebPage","@id":"https:\/\/izisafety.com\/fr\/gestion-de-la-conformite-du-personnel\/","url":"https:\/\/izisafety.com\/fr\/gestion-de-la-conformite-du-personnel\/","name":"Gestion de la conformit\u00e9 du personnel - IZI Safety","isPartOf":{"@id":"https:\/\/izisafety.com\/fr\/#website"},"datePublished":"2026-02-02T17:49:43+00:00","dateModified":"2026-03-16T16:55:12+00:00","description":"Automatisez la conformit\u00e9 des sous-traitants et des travailleurs gr\u00e2ce au suivi en temps r\u00e9el, au contr\u00f4le d\u2019acc\u00e8s et \u00e0 la v\u00e9rification des formations.","breadcrumb":{"@id":"https:\/\/izisafety.com\/fr\/gestion-de-la-conformite-du-personnel\/#breadcrumb"},"inLanguage":"fr-FR","potentialAction":[{"@type":"ReadAction","target":["https:\/\/izisafety.com\/fr\/gestion-de-la-conformite-du-personnel\/"]}]},{"@type":"BreadcrumbList","@id":"https:\/\/izisafety.com\/fr\/gestion-de-la-conformite-du-personnel\/#breadcrumb","itemListElement":[{"@type":"ListItem","position":1,"name":"Home","item":"https:\/\/izisafety.com\/fr\/"},{"@type":"ListItem","position":2,"name":"Gestion de la conformit\u00e9 du personnel"}]},{"@type":"WebSite","@id":"https:\/\/izisafety.com\/fr\/#website","url":"https:\/\/izisafety.com\/fr\/","name":"IZI Safety","description":"","publisher":{"@id":"https:\/\/izisafety.com\/fr\/#organization"},"potentialAction":[{"@type":"SearchAction","target":{"@type":"EntryPoint","urlTemplate":"https:\/\/izisafety.com\/fr\/?s={search_term_string}"},"query-input":{"@type":"PropertyValueSpecification","valueRequired":true,"valueName":"search_term_string"}}],"inLanguage":"fr-FR"},{"@type":"Organization","@id":"https:\/\/izisafety.com\/fr\/#organization","name":"IZI Safety","url":"https:\/\/izisafety.com\/fr\/","logo":{"@type":"ImageObject","inLanguage":"fr-FR","@id":"https:\/\/izisafety.com\/fr\/#\/schema\/logo\/image\/","url":"https:\/\/izisafety.com\/wp-content\/uploads\/2026\/01\/logo_izi.svg","contentUrl":"https:\/\/izisafety.com\/wp-content\/uploads\/2026\/01\/logo_izi.svg","width":200,"height":45,"caption":"IZI Safety"},"image":{"@id":"https:\/\/izisafety.com\/fr\/#\/schema\/logo\/image\/"}}]}},"_links":{"self":[{"href":"https:\/\/izisafety.com\/fr\/wp-json\/wp\/v2\/pages\/4126","targetHints":{"allow":["GET"]}}],"collection":[{"href":"https:\/\/izisafety.com\/fr\/wp-json\/wp\/v2\/pages"}],"about":[{"href":"https:\/\/izisafety.com\/fr\/wp-json\/wp\/v2\/types\/page"}],"author":[{"embeddable":true,"href":"https:\/\/izisafety.com\/fr\/wp-json\/wp\/v2\/users\/1"}],"replies":[{"embeddable":true,"href":"https:\/\/izisafety.com\/fr\/wp-json\/wp\/v2\/comments?post=4126"}],"version-history":[{"count":2,"href":"https:\/\/izisafety.com\/fr\/wp-json\/wp\/v2\/pages\/4126\/revisions"}],"predecessor-version":[{"id":4128,"href":"https:\/\/izisafety.com\/fr\/wp-json\/wp\/v2\/pages\/4126\/revisions\/4128"}],"wp:attachment":[{"href":"https:\/\/izisafety.com\/fr\/wp-json\/wp\/v2\/media?parent=4126"}],"curies":[{"name":"wp","href":"https:\/\/api.w.org\/{rel}","templated":true}]}}