{"id":4129,"date":"2026-02-02T20:50:39","date_gmt":"2026-02-02T17:50:39","guid":{"rendered":"https:\/\/izisafety.com\/audits-et-inspections\/"},"modified":"2026-03-16T20:06:20","modified_gmt":"2026-03-16T17:06:20","slug":"audits-et-inspections","status":"publish","type":"page","link":"https:\/\/izisafety.com\/fr\/audits-et-inspections\/","title":{"rendered":"Audits et inspections"},"content":{"rendered":"","protected":false},"excerpt":{"rendered":"","protected":false},"author":1,"featured_media":0,"parent":0,"menu_order":0,"comment_status":"closed","ping_status":"closed","template":"","meta":{"saved_in_kubio":false,"inline_featured_image":false,"footnotes":""},"class_list":["post-4129","page","type-page","status-publish","hentry"],"kubio_ai_page_context":{"short_desc":"","purpose":"general"},"yoast_head":"<!-- This site is optimized with the Yoast SEO plugin v27.4 - https:\/\/yoast.com\/product\/yoast-seo-wordpress\/ -->\n<title>Audits et inspections - IZI Safety<\/title>\n<meta name=\"description\" content=\"Optimisez le suivi de la s\u00e9curit\u00e9 et de la conformit\u00e9 gr\u00e2ce \u00e0 des formulaires num\u00e9riques personnalis\u00e9s, un suivi en temps r\u00e9el et des rapports automatis\u00e9s.\" \/>\n<meta name=\"robots\" content=\"index, follow, max-snippet:-1, max-image-preview:large, max-video-preview:-1\" \/>\n<link rel=\"canonical\" href=\"https:\/\/izisafety.com\/fr\/audits-et-inspections\/\" \/>\n<meta property=\"og:locale\" content=\"fr_FR\" \/>\n<meta property=\"og:type\" content=\"article\" \/>\n<meta property=\"og:title\" content=\"IZI Safety - Audits et inspections\" \/>\n<meta property=\"og:description\" content=\"Optimisez le suivi de la s\u00e9curit\u00e9 et de la conformit\u00e9 gr\u00e2ce \u00e0 des formulaires num\u00e9riques personnalis\u00e9s, un suivi en temps r\u00e9el et des rapports automatis\u00e9s.\" \/>\n<meta property=\"og:url\" content=\"https:\/\/izisafety.com\/fr\/audits-et-inspections\/\" \/>\n<meta property=\"og:site_name\" content=\"IZI Safety\" \/>\n<meta property=\"article:modified_time\" content=\"2026-03-16T17:06:20+00:00\" \/>\n<meta property=\"og:image\" content=\"https:\/\/v3.izisafety.com\/wp-content\/uploads\/2026\/02\/izi-safety-wp-preview-1024x538.jpg\" \/>\n<meta name=\"twitter:card\" content=\"summary_large_image\" \/>\n<meta name=\"twitter:label1\" content=\"Dur\u00e9e de lecture estim\u00e9e\" \/>\n\t<meta name=\"twitter:data1\" content=\"5 minutes\" \/>\n<script type=\"application\/ld+json\" class=\"yoast-schema-graph\">{\"@context\":\"https:\\\/\\\/schema.org\",\"@graph\":[{\"@type\":\"WebPage\",\"@id\":\"https:\\\/\\\/izisafety.com\\\/fr\\\/audits-et-inspections\\\/\",\"url\":\"https:\\\/\\\/izisafety.com\\\/fr\\\/audits-et-inspections\\\/\",\"name\":\"Audits et inspections - IZI Safety\",\"isPartOf\":{\"@id\":\"https:\\\/\\\/izisafety.com\\\/fr\\\/#website\"},\"datePublished\":\"2026-02-02T17:50:39+00:00\",\"dateModified\":\"2026-03-16T17:06:20+00:00\",\"description\":\"Optimisez le suivi de la s\u00e9curit\u00e9 et de la conformit\u00e9 gr\u00e2ce \u00e0 des formulaires num\u00e9riques personnalis\u00e9s, un suivi en temps r\u00e9el et des rapports automatis\u00e9s.\",\"breadcrumb\":{\"@id\":\"https:\\\/\\\/izisafety.com\\\/fr\\\/audits-et-inspections\\\/#breadcrumb\"},\"inLanguage\":\"fr-FR\",\"potentialAction\":[{\"@type\":\"ReadAction\",\"target\":[\"https:\\\/\\\/izisafety.com\\\/fr\\\/audits-et-inspections\\\/\"]}]},{\"@type\":\"BreadcrumbList\",\"@id\":\"https:\\\/\\\/izisafety.com\\\/fr\\\/audits-et-inspections\\\/#breadcrumb\",\"itemListElement\":[{\"@type\":\"ListItem\",\"position\":1,\"name\":\"Home\",\"item\":\"https:\\\/\\\/izisafety.com\\\/fr\\\/\"},{\"@type\":\"ListItem\",\"position\":2,\"name\":\"Audits et inspections\"}]},{\"@type\":\"WebSite\",\"@id\":\"https:\\\/\\\/izisafety.com\\\/fr\\\/#website\",\"url\":\"https:\\\/\\\/izisafety.com\\\/fr\\\/\",\"name\":\"IZI Safety\",\"description\":\"\",\"publisher\":{\"@id\":\"https:\\\/\\\/izisafety.com\\\/fr\\\/#organization\"},\"potentialAction\":[{\"@type\":\"SearchAction\",\"target\":{\"@type\":\"EntryPoint\",\"urlTemplate\":\"https:\\\/\\\/izisafety.com\\\/fr\\\/?s={search_term_string}\"},\"query-input\":{\"@type\":\"PropertyValueSpecification\",\"valueRequired\":true,\"valueName\":\"search_term_string\"}}],\"inLanguage\":\"fr-FR\"},{\"@type\":\"Organization\",\"@id\":\"https:\\\/\\\/izisafety.com\\\/fr\\\/#organization\",\"name\":\"IZI Safety\",\"url\":\"https:\\\/\\\/izisafety.com\\\/fr\\\/\",\"logo\":{\"@type\":\"ImageObject\",\"inLanguage\":\"fr-FR\",\"@id\":\"https:\\\/\\\/izisafety.com\\\/fr\\\/#\\\/schema\\\/logo\\\/image\\\/\",\"url\":\"https:\\\/\\\/izisafety.com\\\/wp-content\\\/uploads\\\/2026\\\/01\\\/logo_izi.svg\",\"contentUrl\":\"https:\\\/\\\/izisafety.com\\\/wp-content\\\/uploads\\\/2026\\\/01\\\/logo_izi.svg\",\"width\":200,\"height\":45,\"caption\":\"IZI Safety\"},\"image\":{\"@id\":\"https:\\\/\\\/izisafety.com\\\/fr\\\/#\\\/schema\\\/logo\\\/image\\\/\"}}]}<\/script>\n<!-- \/ Yoast SEO plugin. -->","yoast_head_json":{"title":"Audits et inspections - IZI Safety","description":"Optimisez le suivi de la s\u00e9curit\u00e9 et de la conformit\u00e9 gr\u00e2ce \u00e0 des formulaires num\u00e9riques personnalis\u00e9s, un suivi en temps r\u00e9el et des rapports automatis\u00e9s.","robots":{"index":"index","follow":"follow","max-snippet":"max-snippet:-1","max-image-preview":"max-image-preview:large","max-video-preview":"max-video-preview:-1"},"canonical":"https:\/\/izisafety.com\/fr\/audits-et-inspections\/","og_locale":"fr_FR","og_type":"article","og_title":"IZI Safety - Audits et inspections","og_description":"Optimisez le suivi de la s\u00e9curit\u00e9 et de la conformit\u00e9 gr\u00e2ce \u00e0 des formulaires num\u00e9riques personnalis\u00e9s, un suivi en temps r\u00e9el et des rapports automatis\u00e9s.","og_url":"https:\/\/izisafety.com\/fr\/audits-et-inspections\/","og_site_name":"IZI Safety","article_modified_time":"2026-03-16T17:06:20+00:00","og_image":[{"url":"https:\/\/v3.izisafety.com\/wp-content\/uploads\/2026\/02\/izi-safety-wp-preview-1024x538.jpg","type":"","width":"","height":""}],"twitter_card":"summary_large_image","twitter_misc":{"Dur\u00e9e de lecture estim\u00e9e":"5 minutes"},"schema":{"@context":"https:\/\/schema.org","@graph":[{"@type":"WebPage","@id":"https:\/\/izisafety.com\/fr\/audits-et-inspections\/","url":"https:\/\/izisafety.com\/fr\/audits-et-inspections\/","name":"Audits et inspections - IZI Safety","isPartOf":{"@id":"https:\/\/izisafety.com\/fr\/#website"},"datePublished":"2026-02-02T17:50:39+00:00","dateModified":"2026-03-16T17:06:20+00:00","description":"Optimisez le suivi de la s\u00e9curit\u00e9 et de la conformit\u00e9 gr\u00e2ce \u00e0 des formulaires num\u00e9riques personnalis\u00e9s, un suivi en temps r\u00e9el et des rapports automatis\u00e9s.","breadcrumb":{"@id":"https:\/\/izisafety.com\/fr\/audits-et-inspections\/#breadcrumb"},"inLanguage":"fr-FR","potentialAction":[{"@type":"ReadAction","target":["https:\/\/izisafety.com\/fr\/audits-et-inspections\/"]}]},{"@type":"BreadcrumbList","@id":"https:\/\/izisafety.com\/fr\/audits-et-inspections\/#breadcrumb","itemListElement":[{"@type":"ListItem","position":1,"name":"Home","item":"https:\/\/izisafety.com\/fr\/"},{"@type":"ListItem","position":2,"name":"Audits et inspections"}]},{"@type":"WebSite","@id":"https:\/\/izisafety.com\/fr\/#website","url":"https:\/\/izisafety.com\/fr\/","name":"IZI Safety","description":"","publisher":{"@id":"https:\/\/izisafety.com\/fr\/#organization"},"potentialAction":[{"@type":"SearchAction","target":{"@type":"EntryPoint","urlTemplate":"https:\/\/izisafety.com\/fr\/?s={search_term_string}"},"query-input":{"@type":"PropertyValueSpecification","valueRequired":true,"valueName":"search_term_string"}}],"inLanguage":"fr-FR"},{"@type":"Organization","@id":"https:\/\/izisafety.com\/fr\/#organization","name":"IZI Safety","url":"https:\/\/izisafety.com\/fr\/","logo":{"@type":"ImageObject","inLanguage":"fr-FR","@id":"https:\/\/izisafety.com\/fr\/#\/schema\/logo\/image\/","url":"https:\/\/izisafety.com\/wp-content\/uploads\/2026\/01\/logo_izi.svg","contentUrl":"https:\/\/izisafety.com\/wp-content\/uploads\/2026\/01\/logo_izi.svg","width":200,"height":45,"caption":"IZI Safety"},"image":{"@id":"https:\/\/izisafety.com\/fr\/#\/schema\/logo\/image\/"}}]}},"_links":{"self":[{"href":"https:\/\/izisafety.com\/fr\/wp-json\/wp\/v2\/pages\/4129","targetHints":{"allow":["GET"]}}],"collection":[{"href":"https:\/\/izisafety.com\/fr\/wp-json\/wp\/v2\/pages"}],"about":[{"href":"https:\/\/izisafety.com\/fr\/wp-json\/wp\/v2\/types\/page"}],"author":[{"embeddable":true,"href":"https:\/\/izisafety.com\/fr\/wp-json\/wp\/v2\/users\/1"}],"replies":[{"embeddable":true,"href":"https:\/\/izisafety.com\/fr\/wp-json\/wp\/v2\/comments?post=4129"}],"version-history":[{"count":2,"href":"https:\/\/izisafety.com\/fr\/wp-json\/wp\/v2\/pages\/4129\/revisions"}],"predecessor-version":[{"id":4131,"href":"https:\/\/izisafety.com\/fr\/wp-json\/wp\/v2\/pages\/4129\/revisions\/4131"}],"wp:attachment":[{"href":"https:\/\/izisafety.com\/fr\/wp-json\/wp\/v2\/media?parent=4129"}],"curies":[{"name":"wp","href":"https:\/\/api.w.org\/{rel}","templated":true}]}}