{"id":4132,"date":"2026-02-02T20:50:15","date_gmt":"2026-02-02T17:50:15","guid":{"rendered":"https:\/\/izisafety.com\/controle-des-travaux\/"},"modified":"2026-03-16T20:30:18","modified_gmt":"2026-03-16T17:30:18","slug":"controle-des-travaux","status":"publish","type":"page","link":"https:\/\/izisafety.com\/fr\/controle-des-travaux\/","title":{"rendered":"Contr\u00f4le des travaux"},"content":{"rendered":"","protected":false},"excerpt":{"rendered":"","protected":false},"author":1,"featured_media":0,"parent":0,"menu_order":0,"comment_status":"closed","ping_status":"closed","template":"","meta":{"saved_in_kubio":false,"inline_featured_image":false,"footnotes":""},"class_list":["post-4132","page","type-page","status-publish","hentry"],"kubio_ai_page_context":{"short_desc":"","purpose":"general"},"yoast_head":"<!-- This site is optimized with the Yoast SEO plugin v27.4 - https:\/\/yoast.com\/product\/yoast-seo-wordpress\/ -->\n<title>Contr\u00f4le des travaux - IZI Safety<\/title>\n<meta name=\"description\" content=\"Planifiez, autorisez et supervisez les activit\u00e9s \u00e0 haut risque gr\u00e2ce aux permis de travail num\u00e9riques et aux \u00e9valuations des risques avant intervention.\" \/>\n<meta name=\"robots\" content=\"index, follow, max-snippet:-1, max-image-preview:large, max-video-preview:-1\" \/>\n<link rel=\"canonical\" href=\"https:\/\/izisafety.com\/fr\/controle-des-travaux\/\" \/>\n<meta property=\"og:locale\" content=\"fr_FR\" \/>\n<meta property=\"og:type\" content=\"article\" \/>\n<meta property=\"og:title\" content=\"IZI Safety - Contr\u00f4le des travaux\" \/>\n<meta property=\"og:description\" content=\"Planifiez, autorisez et supervisez les activit\u00e9s \u00e0 haut risque gr\u00e2ce aux permis de travail num\u00e9riques et aux \u00e9valuations des risques avant intervention.\" \/>\n<meta property=\"og:url\" content=\"https:\/\/izisafety.com\/fr\/controle-des-travaux\/\" \/>\n<meta property=\"og:site_name\" content=\"IZI Safety\" \/>\n<meta property=\"article:modified_time\" content=\"2026-03-16T17:30:18+00:00\" \/>\n<meta property=\"og:image\" content=\"https:\/\/v3.izisafety.com\/wp-content\/uploads\/2026\/02\/izi-safety-wp-preview-1024x538.jpg\" \/>\n<meta name=\"twitter:card\" content=\"summary_large_image\" \/>\n<meta name=\"twitter:label1\" content=\"Dur\u00e9e de lecture estim\u00e9e\" \/>\n\t<meta name=\"twitter:data1\" content=\"5 minutes\" \/>\n<script type=\"application\/ld+json\" class=\"yoast-schema-graph\">{\"@context\":\"https:\\\/\\\/schema.org\",\"@graph\":[{\"@type\":\"WebPage\",\"@id\":\"https:\\\/\\\/izisafety.com\\\/fr\\\/controle-des-travaux\\\/\",\"url\":\"https:\\\/\\\/izisafety.com\\\/fr\\\/controle-des-travaux\\\/\",\"name\":\"Contr\u00f4le des travaux - IZI Safety\",\"isPartOf\":{\"@id\":\"https:\\\/\\\/izisafety.com\\\/fr\\\/#website\"},\"datePublished\":\"2026-02-02T17:50:15+00:00\",\"dateModified\":\"2026-03-16T17:30:18+00:00\",\"description\":\"Planifiez, autorisez et supervisez les activit\u00e9s \u00e0 haut risque gr\u00e2ce aux permis de travail num\u00e9riques et aux \u00e9valuations des risques avant intervention.\",\"breadcrumb\":{\"@id\":\"https:\\\/\\\/izisafety.com\\\/fr\\\/controle-des-travaux\\\/#breadcrumb\"},\"inLanguage\":\"fr-FR\",\"potentialAction\":[{\"@type\":\"ReadAction\",\"target\":[\"https:\\\/\\\/izisafety.com\\\/fr\\\/controle-des-travaux\\\/\"]}]},{\"@type\":\"BreadcrumbList\",\"@id\":\"https:\\\/\\\/izisafety.com\\\/fr\\\/controle-des-travaux\\\/#breadcrumb\",\"itemListElement\":[{\"@type\":\"ListItem\",\"position\":1,\"name\":\"Home\",\"item\":\"https:\\\/\\\/izisafety.com\\\/fr\\\/\"},{\"@type\":\"ListItem\",\"position\":2,\"name\":\"Contr\u00f4le des travaux\"}]},{\"@type\":\"WebSite\",\"@id\":\"https:\\\/\\\/izisafety.com\\\/fr\\\/#website\",\"url\":\"https:\\\/\\\/izisafety.com\\\/fr\\\/\",\"name\":\"IZI Safety\",\"description\":\"\",\"publisher\":{\"@id\":\"https:\\\/\\\/izisafety.com\\\/fr\\\/#organization\"},\"potentialAction\":[{\"@type\":\"SearchAction\",\"target\":{\"@type\":\"EntryPoint\",\"urlTemplate\":\"https:\\\/\\\/izisafety.com\\\/fr\\\/?s={search_term_string}\"},\"query-input\":{\"@type\":\"PropertyValueSpecification\",\"valueRequired\":true,\"valueName\":\"search_term_string\"}}],\"inLanguage\":\"fr-FR\"},{\"@type\":\"Organization\",\"@id\":\"https:\\\/\\\/izisafety.com\\\/fr\\\/#organization\",\"name\":\"IZI Safety\",\"url\":\"https:\\\/\\\/izisafety.com\\\/fr\\\/\",\"logo\":{\"@type\":\"ImageObject\",\"inLanguage\":\"fr-FR\",\"@id\":\"https:\\\/\\\/izisafety.com\\\/fr\\\/#\\\/schema\\\/logo\\\/image\\\/\",\"url\":\"https:\\\/\\\/izisafety.com\\\/wp-content\\\/uploads\\\/2026\\\/01\\\/logo_izi.svg\",\"contentUrl\":\"https:\\\/\\\/izisafety.com\\\/wp-content\\\/uploads\\\/2026\\\/01\\\/logo_izi.svg\",\"width\":200,\"height\":45,\"caption\":\"IZI Safety\"},\"image\":{\"@id\":\"https:\\\/\\\/izisafety.com\\\/fr\\\/#\\\/schema\\\/logo\\\/image\\\/\"}}]}<\/script>\n<!-- \/ Yoast SEO plugin. -->","yoast_head_json":{"title":"Contr\u00f4le des travaux - IZI Safety","description":"Planifiez, autorisez et supervisez les activit\u00e9s \u00e0 haut risque gr\u00e2ce aux permis de travail num\u00e9riques et aux \u00e9valuations des risques avant intervention.","robots":{"index":"index","follow":"follow","max-snippet":"max-snippet:-1","max-image-preview":"max-image-preview:large","max-video-preview":"max-video-preview:-1"},"canonical":"https:\/\/izisafety.com\/fr\/controle-des-travaux\/","og_locale":"fr_FR","og_type":"article","og_title":"IZI Safety - Contr\u00f4le des travaux","og_description":"Planifiez, autorisez et supervisez les activit\u00e9s \u00e0 haut risque gr\u00e2ce aux permis de travail num\u00e9riques et aux \u00e9valuations des risques avant intervention.","og_url":"https:\/\/izisafety.com\/fr\/controle-des-travaux\/","og_site_name":"IZI Safety","article_modified_time":"2026-03-16T17:30:18+00:00","og_image":[{"url":"https:\/\/v3.izisafety.com\/wp-content\/uploads\/2026\/02\/izi-safety-wp-preview-1024x538.jpg","type":"","width":"","height":""}],"twitter_card":"summary_large_image","twitter_misc":{"Dur\u00e9e de lecture estim\u00e9e":"5 minutes"},"schema":{"@context":"https:\/\/schema.org","@graph":[{"@type":"WebPage","@id":"https:\/\/izisafety.com\/fr\/controle-des-travaux\/","url":"https:\/\/izisafety.com\/fr\/controle-des-travaux\/","name":"Contr\u00f4le des travaux - IZI Safety","isPartOf":{"@id":"https:\/\/izisafety.com\/fr\/#website"},"datePublished":"2026-02-02T17:50:15+00:00","dateModified":"2026-03-16T17:30:18+00:00","description":"Planifiez, autorisez et supervisez les activit\u00e9s \u00e0 haut risque gr\u00e2ce aux permis de travail num\u00e9riques et aux \u00e9valuations des risques avant intervention.","breadcrumb":{"@id":"https:\/\/izisafety.com\/fr\/controle-des-travaux\/#breadcrumb"},"inLanguage":"fr-FR","potentialAction":[{"@type":"ReadAction","target":["https:\/\/izisafety.com\/fr\/controle-des-travaux\/"]}]},{"@type":"BreadcrumbList","@id":"https:\/\/izisafety.com\/fr\/controle-des-travaux\/#breadcrumb","itemListElement":[{"@type":"ListItem","position":1,"name":"Home","item":"https:\/\/izisafety.com\/fr\/"},{"@type":"ListItem","position":2,"name":"Contr\u00f4le des travaux"}]},{"@type":"WebSite","@id":"https:\/\/izisafety.com\/fr\/#website","url":"https:\/\/izisafety.com\/fr\/","name":"IZI Safety","description":"","publisher":{"@id":"https:\/\/izisafety.com\/fr\/#organization"},"potentialAction":[{"@type":"SearchAction","target":{"@type":"EntryPoint","urlTemplate":"https:\/\/izisafety.com\/fr\/?s={search_term_string}"},"query-input":{"@type":"PropertyValueSpecification","valueRequired":true,"valueName":"search_term_string"}}],"inLanguage":"fr-FR"},{"@type":"Organization","@id":"https:\/\/izisafety.com\/fr\/#organization","name":"IZI Safety","url":"https:\/\/izisafety.com\/fr\/","logo":{"@type":"ImageObject","inLanguage":"fr-FR","@id":"https:\/\/izisafety.com\/fr\/#\/schema\/logo\/image\/","url":"https:\/\/izisafety.com\/wp-content\/uploads\/2026\/01\/logo_izi.svg","contentUrl":"https:\/\/izisafety.com\/wp-content\/uploads\/2026\/01\/logo_izi.svg","width":200,"height":45,"caption":"IZI Safety"},"image":{"@id":"https:\/\/izisafety.com\/fr\/#\/schema\/logo\/image\/"}}]}},"_links":{"self":[{"href":"https:\/\/izisafety.com\/fr\/wp-json\/wp\/v2\/pages\/4132","targetHints":{"allow":["GET"]}}],"collection":[{"href":"https:\/\/izisafety.com\/fr\/wp-json\/wp\/v2\/pages"}],"about":[{"href":"https:\/\/izisafety.com\/fr\/wp-json\/wp\/v2\/types\/page"}],"author":[{"embeddable":true,"href":"https:\/\/izisafety.com\/fr\/wp-json\/wp\/v2\/users\/1"}],"replies":[{"embeddable":true,"href":"https:\/\/izisafety.com\/fr\/wp-json\/wp\/v2\/comments?post=4132"}],"version-history":[{"count":2,"href":"https:\/\/izisafety.com\/fr\/wp-json\/wp\/v2\/pages\/4132\/revisions"}],"predecessor-version":[{"id":4134,"href":"https:\/\/izisafety.com\/fr\/wp-json\/wp\/v2\/pages\/4132\/revisions\/4134"}],"wp:attachment":[{"href":"https:\/\/izisafety.com\/fr\/wp-json\/wp\/v2\/media?parent=4132"}],"curies":[{"name":"wp","href":"https:\/\/api.w.org\/{rel}","templated":true}]}}