{"id":4148,"date":"2026-02-20T10:55:15","date_gmt":"2026-02-20T07:55:15","guid":{"rendered":"https:\/\/izisafety.com\/petrole-et-gaz\/"},"modified":"2026-03-16T21:56:27","modified_gmt":"2026-03-16T18:56:27","slug":"petrole-et-gaz","status":"publish","type":"page","link":"https:\/\/izisafety.com\/fr\/petrole-et-gaz\/","title":{"rendered":"P\u00e9trole et gaz"},"content":{"rendered":"","protected":false},"excerpt":{"rendered":"","protected":false},"author":1,"featured_media":0,"parent":0,"menu_order":0,"comment_status":"closed","ping_status":"closed","template":"","meta":{"saved_in_kubio":false,"inline_featured_image":false,"footnotes":""},"class_list":["post-4148","page","type-page","status-publish","hentry"],"kubio_ai_page_context":{"short_desc":"","purpose":"general"},"yoast_head":"<!-- This site is optimized with the Yoast SEO plugin v27.4 - https:\/\/yoast.com\/product\/yoast-seo-wordpress\/ -->\n<title>Gestion de la conformit\u00e9 du personnel con\u00e7ue pour les op\u00e9rations p\u00e9troli\u00e8res et gazi\u00e8res \u00e0 haut risque - IZI Safety<\/title>\n<meta name=\"description\" content=\"Des plateformes offshore aux raffineries et terminaux \u00e9nerg\u00e9tiques, IZI Safety aide les op\u00e9rateurs du secteur p\u00e9trolier et gazier \u00e0 assurer la conformit\u00e9 du personnel - en r\u00e9duisant les risques, en acc\u00e9l\u00e9rant l\u2019int\u00e9gration et en restant pr\u00eats pour les audits sur chaque site\" \/>\n<meta name=\"robots\" content=\"index, follow, max-snippet:-1, max-image-preview:large, max-video-preview:-1\" \/>\n<link rel=\"canonical\" href=\"https:\/\/izisafety.com\/fr\/petrole-et-gaz\/\" \/>\n<meta property=\"og:locale\" content=\"fr_FR\" \/>\n<meta property=\"og:type\" content=\"article\" \/>\n<meta property=\"og:title\" content=\"Gestion de la conformit\u00e9 du personnel con\u00e7ue pour les op\u00e9rations p\u00e9troli\u00e8res et gazi\u00e8res \u00e0 haut risque - IZI Safety\" \/>\n<meta property=\"og:description\" content=\"Des plateformes offshore aux raffineries et terminaux \u00e9nerg\u00e9tiques, IZI Safety aide les op\u00e9rateurs du secteur p\u00e9trolier et gazier \u00e0 assurer la conformit\u00e9 du personnel - en r\u00e9duisant les risques, en acc\u00e9l\u00e9rant l\u2019int\u00e9gration et en restant pr\u00eats pour les audits sur chaque site\" \/>\n<meta property=\"og:url\" content=\"https:\/\/izisafety.com\/fr\/petrole-et-gaz\/\" \/>\n<meta property=\"og:site_name\" content=\"IZI Safety\" \/>\n<meta property=\"article:modified_time\" content=\"2026-03-16T18:56:27+00:00\" \/>\n<meta name=\"twitter:card\" content=\"summary_large_image\" \/>\n<meta name=\"twitter:label1\" content=\"Dur\u00e9e de lecture estim\u00e9e\" \/>\n\t<meta name=\"twitter:data1\" content=\"7 minutes\" \/>\n<script type=\"application\/ld+json\" class=\"yoast-schema-graph\">{\"@context\":\"https:\\\/\\\/schema.org\",\"@graph\":[{\"@type\":\"WebPage\",\"@id\":\"https:\\\/\\\/izisafety.com\\\/fr\\\/petrole-et-gaz\\\/\",\"url\":\"https:\\\/\\\/izisafety.com\\\/fr\\\/petrole-et-gaz\\\/\",\"name\":\"Gestion de la conformit\u00e9 du personnel con\u00e7ue pour les op\u00e9rations p\u00e9troli\u00e8res et gazi\u00e8res \u00e0 haut risque - IZI Safety\",\"isPartOf\":{\"@id\":\"https:\\\/\\\/izisafety.com\\\/fr\\\/#website\"},\"datePublished\":\"2026-02-20T07:55:15+00:00\",\"dateModified\":\"2026-03-16T18:56:27+00:00\",\"description\":\"Des plateformes offshore aux raffineries et terminaux \u00e9nerg\u00e9tiques, IZI Safety aide les op\u00e9rateurs du secteur p\u00e9trolier et gazier \u00e0 assurer la conformit\u00e9 du personnel - en r\u00e9duisant les risques, en acc\u00e9l\u00e9rant l\u2019int\u00e9gration et en restant pr\u00eats pour les audits sur chaque site\",\"breadcrumb\":{\"@id\":\"https:\\\/\\\/izisafety.com\\\/fr\\\/petrole-et-gaz\\\/#breadcrumb\"},\"inLanguage\":\"fr-FR\",\"potentialAction\":[{\"@type\":\"ReadAction\",\"target\":[\"https:\\\/\\\/izisafety.com\\\/fr\\\/petrole-et-gaz\\\/\"]}]},{\"@type\":\"BreadcrumbList\",\"@id\":\"https:\\\/\\\/izisafety.com\\\/fr\\\/petrole-et-gaz\\\/#breadcrumb\",\"itemListElement\":[{\"@type\":\"ListItem\",\"position\":1,\"name\":\"Home\",\"item\":\"https:\\\/\\\/izisafety.com\\\/fr\\\/\"},{\"@type\":\"ListItem\",\"position\":2,\"name\":\"P\u00e9trole et gaz\"}]},{\"@type\":\"WebSite\",\"@id\":\"https:\\\/\\\/izisafety.com\\\/fr\\\/#website\",\"url\":\"https:\\\/\\\/izisafety.com\\\/fr\\\/\",\"name\":\"IZI Safety\",\"description\":\"\",\"publisher\":{\"@id\":\"https:\\\/\\\/izisafety.com\\\/fr\\\/#organization\"},\"potentialAction\":[{\"@type\":\"SearchAction\",\"target\":{\"@type\":\"EntryPoint\",\"urlTemplate\":\"https:\\\/\\\/izisafety.com\\\/fr\\\/?s={search_term_string}\"},\"query-input\":{\"@type\":\"PropertyValueSpecification\",\"valueRequired\":true,\"valueName\":\"search_term_string\"}}],\"inLanguage\":\"fr-FR\"},{\"@type\":\"Organization\",\"@id\":\"https:\\\/\\\/izisafety.com\\\/fr\\\/#organization\",\"name\":\"IZI Safety\",\"url\":\"https:\\\/\\\/izisafety.com\\\/fr\\\/\",\"logo\":{\"@type\":\"ImageObject\",\"inLanguage\":\"fr-FR\",\"@id\":\"https:\\\/\\\/izisafety.com\\\/fr\\\/#\\\/schema\\\/logo\\\/image\\\/\",\"url\":\"https:\\\/\\\/izisafety.com\\\/wp-content\\\/uploads\\\/2026\\\/01\\\/logo_izi.svg\",\"contentUrl\":\"https:\\\/\\\/izisafety.com\\\/wp-content\\\/uploads\\\/2026\\\/01\\\/logo_izi.svg\",\"width\":200,\"height\":45,\"caption\":\"IZI Safety\"},\"image\":{\"@id\":\"https:\\\/\\\/izisafety.com\\\/fr\\\/#\\\/schema\\\/logo\\\/image\\\/\"}}]}<\/script>\n<!-- \/ Yoast SEO plugin. -->","yoast_head_json":{"title":"Gestion de la conformit\u00e9 du personnel con\u00e7ue pour les op\u00e9rations p\u00e9troli\u00e8res et gazi\u00e8res \u00e0 haut risque - IZI Safety","description":"Des plateformes offshore aux raffineries et terminaux \u00e9nerg\u00e9tiques, IZI Safety aide les op\u00e9rateurs du secteur p\u00e9trolier et gazier \u00e0 assurer la conformit\u00e9 du personnel - en r\u00e9duisant les risques, en acc\u00e9l\u00e9rant l\u2019int\u00e9gration et en restant pr\u00eats pour les audits sur chaque site","robots":{"index":"index","follow":"follow","max-snippet":"max-snippet:-1","max-image-preview":"max-image-preview:large","max-video-preview":"max-video-preview:-1"},"canonical":"https:\/\/izisafety.com\/fr\/petrole-et-gaz\/","og_locale":"fr_FR","og_type":"article","og_title":"Gestion de la conformit\u00e9 du personnel con\u00e7ue pour les op\u00e9rations p\u00e9troli\u00e8res et gazi\u00e8res \u00e0 haut risque - IZI Safety","og_description":"Des plateformes offshore aux raffineries et terminaux \u00e9nerg\u00e9tiques, IZI Safety aide les op\u00e9rateurs du secteur p\u00e9trolier et gazier \u00e0 assurer la conformit\u00e9 du personnel - en r\u00e9duisant les risques, en acc\u00e9l\u00e9rant l\u2019int\u00e9gration et en restant pr\u00eats pour les audits sur chaque site","og_url":"https:\/\/izisafety.com\/fr\/petrole-et-gaz\/","og_site_name":"IZI Safety","article_modified_time":"2026-03-16T18:56:27+00:00","twitter_card":"summary_large_image","twitter_misc":{"Dur\u00e9e de lecture estim\u00e9e":"7 minutes"},"schema":{"@context":"https:\/\/schema.org","@graph":[{"@type":"WebPage","@id":"https:\/\/izisafety.com\/fr\/petrole-et-gaz\/","url":"https:\/\/izisafety.com\/fr\/petrole-et-gaz\/","name":"Gestion de la conformit\u00e9 du personnel con\u00e7ue pour les op\u00e9rations p\u00e9troli\u00e8res et gazi\u00e8res \u00e0 haut risque - IZI Safety","isPartOf":{"@id":"https:\/\/izisafety.com\/fr\/#website"},"datePublished":"2026-02-20T07:55:15+00:00","dateModified":"2026-03-16T18:56:27+00:00","description":"Des plateformes offshore aux raffineries et terminaux \u00e9nerg\u00e9tiques, IZI Safety aide les op\u00e9rateurs du secteur p\u00e9trolier et gazier \u00e0 assurer la conformit\u00e9 du personnel - en r\u00e9duisant les risques, en acc\u00e9l\u00e9rant l\u2019int\u00e9gration et en restant pr\u00eats pour les audits sur chaque site","breadcrumb":{"@id":"https:\/\/izisafety.com\/fr\/petrole-et-gaz\/#breadcrumb"},"inLanguage":"fr-FR","potentialAction":[{"@type":"ReadAction","target":["https:\/\/izisafety.com\/fr\/petrole-et-gaz\/"]}]},{"@type":"BreadcrumbList","@id":"https:\/\/izisafety.com\/fr\/petrole-et-gaz\/#breadcrumb","itemListElement":[{"@type":"ListItem","position":1,"name":"Home","item":"https:\/\/izisafety.com\/fr\/"},{"@type":"ListItem","position":2,"name":"P\u00e9trole et gaz"}]},{"@type":"WebSite","@id":"https:\/\/izisafety.com\/fr\/#website","url":"https:\/\/izisafety.com\/fr\/","name":"IZI Safety","description":"","publisher":{"@id":"https:\/\/izisafety.com\/fr\/#organization"},"potentialAction":[{"@type":"SearchAction","target":{"@type":"EntryPoint","urlTemplate":"https:\/\/izisafety.com\/fr\/?s={search_term_string}"},"query-input":{"@type":"PropertyValueSpecification","valueRequired":true,"valueName":"search_term_string"}}],"inLanguage":"fr-FR"},{"@type":"Organization","@id":"https:\/\/izisafety.com\/fr\/#organization","name":"IZI Safety","url":"https:\/\/izisafety.com\/fr\/","logo":{"@type":"ImageObject","inLanguage":"fr-FR","@id":"https:\/\/izisafety.com\/fr\/#\/schema\/logo\/image\/","url":"https:\/\/izisafety.com\/wp-content\/uploads\/2026\/01\/logo_izi.svg","contentUrl":"https:\/\/izisafety.com\/wp-content\/uploads\/2026\/01\/logo_izi.svg","width":200,"height":45,"caption":"IZI Safety"},"image":{"@id":"https:\/\/izisafety.com\/fr\/#\/schema\/logo\/image\/"}}]}},"_links":{"self":[{"href":"https:\/\/izisafety.com\/fr\/wp-json\/wp\/v2\/pages\/4148","targetHints":{"allow":["GET"]}}],"collection":[{"href":"https:\/\/izisafety.com\/fr\/wp-json\/wp\/v2\/pages"}],"about":[{"href":"https:\/\/izisafety.com\/fr\/wp-json\/wp\/v2\/types\/page"}],"author":[{"embeddable":true,"href":"https:\/\/izisafety.com\/fr\/wp-json\/wp\/v2\/users\/1"}],"replies":[{"embeddable":true,"href":"https:\/\/izisafety.com\/fr\/wp-json\/wp\/v2\/comments?post=4148"}],"version-history":[{"count":2,"href":"https:\/\/izisafety.com\/fr\/wp-json\/wp\/v2\/pages\/4148\/revisions"}],"predecessor-version":[{"id":4150,"href":"https:\/\/izisafety.com\/fr\/wp-json\/wp\/v2\/pages\/4148\/revisions\/4150"}],"wp:attachment":[{"href":"https:\/\/izisafety.com\/fr\/wp-json\/wp\/v2\/media?parent=4148"}],"curies":[{"name":"wp","href":"https:\/\/api.w.org\/{rel}","templated":true}]}}