{"id":4155,"date":"2026-02-21T18:55:55","date_gmt":"2026-02-21T15:55:55","guid":{"rendered":"https:\/\/izisafety.com\/energie-et-infrastructures\/"},"modified":"2026-03-16T22:19:00","modified_gmt":"2026-03-16T19:19:00","slug":"energie-et-infrastructures","status":"publish","type":"page","link":"https:\/\/izisafety.com\/fr\/energie-et-infrastructures\/","title":{"rendered":"\u00c9nergie et infrastructures"},"content":{"rendered":"","protected":false},"excerpt":{"rendered":"","protected":false},"author":1,"featured_media":0,"parent":0,"menu_order":0,"comment_status":"closed","ping_status":"closed","template":"","meta":{"saved_in_kubio":false,"inline_featured_image":false,"footnotes":""},"class_list":["post-4155","page","type-page","status-publish","hentry"],"kubio_ai_page_context":{"short_desc":"","purpose":"general"},"yoast_head":"<!-- This site is optimized with the Yoast SEO plugin v27.4 - https:\/\/yoast.com\/product\/yoast-seo-wordpress\/ -->\n<title>S\u00e9curit\u00e9 et conformit\u00e9 du personnel con\u00e7ues pour les infrastructures critiques - IZI Safety<\/title>\n<meta name=\"description\" content=\"Des postes \u00e9lectriques et r\u00e9seaux de distribution aux stations de traitement de l\u2019eau et aux actifs d\u2019\u00e9nergies renouvelables, IZI Safety aide les op\u00e9rateurs du secteur des services publics \u00e0 contr\u00f4ler l\u2019autorisation du personnel, ma\u00eetriser les risques li\u00e9s aux sous-traitants et rester pr\u00eats pour les audits - \u00e0 travers des op\u00e9rations terrain distribu\u00e9es.\" \/>\n<meta name=\"robots\" content=\"index, follow, max-snippet:-1, max-image-preview:large, max-video-preview:-1\" \/>\n<link rel=\"canonical\" href=\"https:\/\/izisafety.com\/fr\/energie-et-infrastructures\/\" \/>\n<meta property=\"og:locale\" content=\"fr_FR\" \/>\n<meta property=\"og:type\" content=\"article\" \/>\n<meta property=\"og:title\" content=\"S\u00e9curit\u00e9 et conformit\u00e9 du personnel con\u00e7ues pour les infrastructures critiques - IZI Safety\" \/>\n<meta property=\"og:description\" content=\"Des postes \u00e9lectriques et r\u00e9seaux de distribution aux stations de traitement de l\u2019eau et aux actifs d\u2019\u00e9nergies renouvelables, IZI Safety aide les op\u00e9rateurs du secteur des services publics \u00e0 contr\u00f4ler l\u2019autorisation du personnel, ma\u00eetriser les risques li\u00e9s aux sous-traitants et rester pr\u00eats pour les audits - \u00e0 travers des op\u00e9rations terrain distribu\u00e9es.\" \/>\n<meta property=\"og:url\" content=\"https:\/\/izisafety.com\/fr\/energie-et-infrastructures\/\" \/>\n<meta property=\"og:site_name\" content=\"IZI Safety\" \/>\n<meta property=\"article:modified_time\" content=\"2026-03-16T19:19:00+00:00\" \/>\n<meta name=\"twitter:card\" content=\"summary_large_image\" \/>\n<meta name=\"twitter:label1\" content=\"Dur\u00e9e de lecture estim\u00e9e\" \/>\n\t<meta name=\"twitter:data1\" content=\"7 minutes\" \/>\n<script type=\"application\/ld+json\" class=\"yoast-schema-graph\">{\"@context\":\"https:\\\/\\\/schema.org\",\"@graph\":[{\"@type\":\"WebPage\",\"@id\":\"https:\\\/\\\/izisafety.com\\\/fr\\\/energie-et-infrastructures\\\/\",\"url\":\"https:\\\/\\\/izisafety.com\\\/fr\\\/energie-et-infrastructures\\\/\",\"name\":\"S\u00e9curit\u00e9 et conformit\u00e9 du personnel con\u00e7ues pour les infrastructures critiques - IZI Safety\",\"isPartOf\":{\"@id\":\"https:\\\/\\\/izisafety.com\\\/fr\\\/#website\"},\"datePublished\":\"2026-02-21T15:55:55+00:00\",\"dateModified\":\"2026-03-16T19:19:00+00:00\",\"description\":\"Des postes \u00e9lectriques et r\u00e9seaux de distribution aux stations de traitement de l\u2019eau et aux actifs d\u2019\u00e9nergies renouvelables, IZI Safety aide les op\u00e9rateurs du secteur des services publics \u00e0 contr\u00f4ler l\u2019autorisation du personnel, ma\u00eetriser les risques li\u00e9s aux sous-traitants et rester pr\u00eats pour les audits - \u00e0 travers des op\u00e9rations terrain distribu\u00e9es.\",\"breadcrumb\":{\"@id\":\"https:\\\/\\\/izisafety.com\\\/fr\\\/energie-et-infrastructures\\\/#breadcrumb\"},\"inLanguage\":\"fr-FR\",\"potentialAction\":[{\"@type\":\"ReadAction\",\"target\":[\"https:\\\/\\\/izisafety.com\\\/fr\\\/energie-et-infrastructures\\\/\"]}]},{\"@type\":\"BreadcrumbList\",\"@id\":\"https:\\\/\\\/izisafety.com\\\/fr\\\/energie-et-infrastructures\\\/#breadcrumb\",\"itemListElement\":[{\"@type\":\"ListItem\",\"position\":1,\"name\":\"Home\",\"item\":\"https:\\\/\\\/izisafety.com\\\/fr\\\/\"},{\"@type\":\"ListItem\",\"position\":2,\"name\":\"\u00c9nergie et infrastructures\"}]},{\"@type\":\"WebSite\",\"@id\":\"https:\\\/\\\/izisafety.com\\\/fr\\\/#website\",\"url\":\"https:\\\/\\\/izisafety.com\\\/fr\\\/\",\"name\":\"IZI Safety\",\"description\":\"\",\"publisher\":{\"@id\":\"https:\\\/\\\/izisafety.com\\\/fr\\\/#organization\"},\"potentialAction\":[{\"@type\":\"SearchAction\",\"target\":{\"@type\":\"EntryPoint\",\"urlTemplate\":\"https:\\\/\\\/izisafety.com\\\/fr\\\/?s={search_term_string}\"},\"query-input\":{\"@type\":\"PropertyValueSpecification\",\"valueRequired\":true,\"valueName\":\"search_term_string\"}}],\"inLanguage\":\"fr-FR\"},{\"@type\":\"Organization\",\"@id\":\"https:\\\/\\\/izisafety.com\\\/fr\\\/#organization\",\"name\":\"IZI Safety\",\"url\":\"https:\\\/\\\/izisafety.com\\\/fr\\\/\",\"logo\":{\"@type\":\"ImageObject\",\"inLanguage\":\"fr-FR\",\"@id\":\"https:\\\/\\\/izisafety.com\\\/fr\\\/#\\\/schema\\\/logo\\\/image\\\/\",\"url\":\"https:\\\/\\\/izisafety.com\\\/wp-content\\\/uploads\\\/2026\\\/01\\\/logo_izi.svg\",\"contentUrl\":\"https:\\\/\\\/izisafety.com\\\/wp-content\\\/uploads\\\/2026\\\/01\\\/logo_izi.svg\",\"width\":200,\"height\":45,\"caption\":\"IZI Safety\"},\"image\":{\"@id\":\"https:\\\/\\\/izisafety.com\\\/fr\\\/#\\\/schema\\\/logo\\\/image\\\/\"}}]}<\/script>\n<!-- \/ Yoast SEO plugin. -->","yoast_head_json":{"title":"S\u00e9curit\u00e9 et conformit\u00e9 du personnel con\u00e7ues pour les infrastructures critiques - IZI Safety","description":"Des postes \u00e9lectriques et r\u00e9seaux de distribution aux stations de traitement de l\u2019eau et aux actifs d\u2019\u00e9nergies renouvelables, IZI Safety aide les op\u00e9rateurs du secteur des services publics \u00e0 contr\u00f4ler l\u2019autorisation du personnel, ma\u00eetriser les risques li\u00e9s aux sous-traitants et rester pr\u00eats pour les audits - \u00e0 travers des op\u00e9rations terrain distribu\u00e9es.","robots":{"index":"index","follow":"follow","max-snippet":"max-snippet:-1","max-image-preview":"max-image-preview:large","max-video-preview":"max-video-preview:-1"},"canonical":"https:\/\/izisafety.com\/fr\/energie-et-infrastructures\/","og_locale":"fr_FR","og_type":"article","og_title":"S\u00e9curit\u00e9 et conformit\u00e9 du personnel con\u00e7ues pour les infrastructures critiques - IZI Safety","og_description":"Des postes \u00e9lectriques et r\u00e9seaux de distribution aux stations de traitement de l\u2019eau et aux actifs d\u2019\u00e9nergies renouvelables, IZI Safety aide les op\u00e9rateurs du secteur des services publics \u00e0 contr\u00f4ler l\u2019autorisation du personnel, ma\u00eetriser les risques li\u00e9s aux sous-traitants et rester pr\u00eats pour les audits - \u00e0 travers des op\u00e9rations terrain distribu\u00e9es.","og_url":"https:\/\/izisafety.com\/fr\/energie-et-infrastructures\/","og_site_name":"IZI Safety","article_modified_time":"2026-03-16T19:19:00+00:00","twitter_card":"summary_large_image","twitter_misc":{"Dur\u00e9e de lecture estim\u00e9e":"7 minutes"},"schema":{"@context":"https:\/\/schema.org","@graph":[{"@type":"WebPage","@id":"https:\/\/izisafety.com\/fr\/energie-et-infrastructures\/","url":"https:\/\/izisafety.com\/fr\/energie-et-infrastructures\/","name":"S\u00e9curit\u00e9 et conformit\u00e9 du personnel con\u00e7ues pour les infrastructures critiques - IZI Safety","isPartOf":{"@id":"https:\/\/izisafety.com\/fr\/#website"},"datePublished":"2026-02-21T15:55:55+00:00","dateModified":"2026-03-16T19:19:00+00:00","description":"Des postes \u00e9lectriques et r\u00e9seaux de distribution aux stations de traitement de l\u2019eau et aux actifs d\u2019\u00e9nergies renouvelables, IZI Safety aide les op\u00e9rateurs du secteur des services publics \u00e0 contr\u00f4ler l\u2019autorisation du personnel, ma\u00eetriser les risques li\u00e9s aux sous-traitants et rester pr\u00eats pour les audits - \u00e0 travers des op\u00e9rations terrain distribu\u00e9es.","breadcrumb":{"@id":"https:\/\/izisafety.com\/fr\/energie-et-infrastructures\/#breadcrumb"},"inLanguage":"fr-FR","potentialAction":[{"@type":"ReadAction","target":["https:\/\/izisafety.com\/fr\/energie-et-infrastructures\/"]}]},{"@type":"BreadcrumbList","@id":"https:\/\/izisafety.com\/fr\/energie-et-infrastructures\/#breadcrumb","itemListElement":[{"@type":"ListItem","position":1,"name":"Home","item":"https:\/\/izisafety.com\/fr\/"},{"@type":"ListItem","position":2,"name":"\u00c9nergie et infrastructures"}]},{"@type":"WebSite","@id":"https:\/\/izisafety.com\/fr\/#website","url":"https:\/\/izisafety.com\/fr\/","name":"IZI Safety","description":"","publisher":{"@id":"https:\/\/izisafety.com\/fr\/#organization"},"potentialAction":[{"@type":"SearchAction","target":{"@type":"EntryPoint","urlTemplate":"https:\/\/izisafety.com\/fr\/?s={search_term_string}"},"query-input":{"@type":"PropertyValueSpecification","valueRequired":true,"valueName":"search_term_string"}}],"inLanguage":"fr-FR"},{"@type":"Organization","@id":"https:\/\/izisafety.com\/fr\/#organization","name":"IZI Safety","url":"https:\/\/izisafety.com\/fr\/","logo":{"@type":"ImageObject","inLanguage":"fr-FR","@id":"https:\/\/izisafety.com\/fr\/#\/schema\/logo\/image\/","url":"https:\/\/izisafety.com\/wp-content\/uploads\/2026\/01\/logo_izi.svg","contentUrl":"https:\/\/izisafety.com\/wp-content\/uploads\/2026\/01\/logo_izi.svg","width":200,"height":45,"caption":"IZI Safety"},"image":{"@id":"https:\/\/izisafety.com\/fr\/#\/schema\/logo\/image\/"}}]}},"_links":{"self":[{"href":"https:\/\/izisafety.com\/fr\/wp-json\/wp\/v2\/pages\/4155","targetHints":{"allow":["GET"]}}],"collection":[{"href":"https:\/\/izisafety.com\/fr\/wp-json\/wp\/v2\/pages"}],"about":[{"href":"https:\/\/izisafety.com\/fr\/wp-json\/wp\/v2\/types\/page"}],"author":[{"embeddable":true,"href":"https:\/\/izisafety.com\/fr\/wp-json\/wp\/v2\/users\/1"}],"replies":[{"embeddable":true,"href":"https:\/\/izisafety.com\/fr\/wp-json\/wp\/v2\/comments?post=4155"}],"version-history":[{"count":2,"href":"https:\/\/izisafety.com\/fr\/wp-json\/wp\/v2\/pages\/4155\/revisions"}],"predecessor-version":[{"id":4157,"href":"https:\/\/izisafety.com\/fr\/wp-json\/wp\/v2\/pages\/4155\/revisions\/4157"}],"wp:attachment":[{"href":"https:\/\/izisafety.com\/fr\/wp-json\/wp\/v2\/media?parent=4155"}],"curies":[{"name":"wp","href":"https:\/\/api.w.org\/{rel}","templated":true}]}}